{"id":20377,"date":"2025-03-12T18:43:20","date_gmt":"2025-03-12T16:43:20","guid":{"rendered":"https:\/\/accesoriiplaseinsecte.ro\/?post_type=product&#038;p=20377"},"modified":"2025-10-13T17:44:55","modified_gmt":"2025-10-13T14:44:55","slug":"balamala-plasa-insecte-alb-100-buc","status":"publish","type":"product","link":"https:\/\/accesoriiplaseinsecte.ro\/index.php\/produs\/balamala-plasa-insecte-alb-100-buc\/","title":{"rendered":"Balamala plasa insecte alb \u2013 100 buc"},"content":{"rendered":"<h2 class=\"fusion-woocommerce-tab-title\">Descriere<\/h2>\n<p>Protejeaz\u0103-\u021bi casa cu accesorii de calitate pentru plase de tantari!<\/p>\n<p>Accesorii pentru plase tantari. D\u0103 uit\u0103rii problemele cu insectele! Descoper\u0103 gama noastr\u0103 variat\u0103 de accesorii pentru plase de insecte, ideale pentru orice tip de fereastr\u0103 sau u\u0219\u0103. U\u0219or de instalat \u0219i extrem de eficiente, produsele noastre \u00ee\u021bi vor oferi lini\u0219tea de care ai nevoie \u00een fiecare zi. Alege siguran\u021ba \u0219i confortul pentru familia ta cu cele mai bune solu\u021bii!<\/p>\n","protected":false},"excerpt":{"rendered":"<p>Descriere Protejeaz\u0103-\u021bi casa cu accesorii de calitate pentru plase de tantari! Accesorii pentru plase tantari. D\u0103 uit\u0103rii problemele cu insectele!<\/p>\n","protected":false},"featured_media":1091,"comment_status":"open","ping_status":"closed","template":"","meta":[],"product_brand":[],"product_cat":[47],"product_tag":[],"class_list":{"0":"post-20377","1":"product","2":"type-product","3":"status-publish","4":"has-post-thumbnail","6":"product_cat-accesorii-plase-insecte","8":"first","9":"instock","10":"sale","11":"taxable","12":"shipping-taxable","13":"purchasable","14":"product-type-simple"},"yoast_head":"<!-- This site is optimized with the Yoast SEO plugin v27.3 - https:\/\/yoast.com\/product\/yoast-seo-wordpress\/ -->\n<title>Balamala plasa insecte alb \u2013 100 buc - Accesorii Plase Insecte<\/title>\n<meta name=\"robots\" content=\"index, follow, max-snippet:-1, max-image-preview:large, max-video-preview:-1\" \/>\n<link rel=\"canonical\" href=\"https:\/\/accesoriiplaseinsecte.ro\/index.php\/produs\/balamala-plasa-insecte-alb-100-buc\/\" \/>\n<meta property=\"og:locale\" content=\"ro_RO\" \/>\n<meta property=\"og:type\" content=\"article\" \/>\n<meta property=\"og:title\" content=\"Balamala plasa insecte alb \u2013 100 buc - Accesorii Plase Insecte\" \/>\n<meta property=\"og:description\" content=\"Descriere Protejeaz\u0103-\u021bi casa cu accesorii de calitate pentru plase de tantari! Accesorii pentru plase tantari. D\u0103 uit\u0103rii problemele cu insectele!\" \/>\n<meta property=\"og:url\" content=\"https:\/\/accesoriiplaseinsecte.ro\/index.php\/produs\/balamala-plasa-insecte-alb-100-buc\/\" \/>\n<meta property=\"og:site_name\" content=\"Accesorii Plase Insecte\" \/>\n<meta property=\"article:modified_time\" content=\"2025-10-13T14:44:55+00:00\" \/>\n<meta property=\"og:image\" content=\"https:\/\/accesoriiplaseinsecte.ro\/wp-content\/uploads\/2025\/03\/Balama-plasa-impotriva-insectelor-alb.jpg\" \/>\n\t<meta property=\"og:image:width\" content=\"600\" \/>\n\t<meta property=\"og:image:height\" content=\"600\" \/>\n\t<meta property=\"og:image:type\" content=\"image\/jpeg\" \/>\n<meta name=\"twitter:card\" content=\"summary_large_image\" \/>\n<meta name=\"twitter:label1\" content=\"Timp estimat pentru citire\" \/>\n\t<meta name=\"twitter:data1\" content=\"1 minut\" \/>\n<script type=\"application\/ld+json\" class=\"yoast-schema-graph\">{\"@context\":\"https:\\\/\\\/schema.org\",\"@graph\":[{\"@type\":\"WebPage\",\"@id\":\"https:\\\/\\\/accesoriiplaseinsecte.ro\\\/index.php\\\/produs\\\/balamala-plasa-insecte-alb-100-buc\\\/\",\"url\":\"https:\\\/\\\/accesoriiplaseinsecte.ro\\\/index.php\\\/produs\\\/balamala-plasa-insecte-alb-100-buc\\\/\",\"name\":\"Balamala plasa insecte alb \u2013 100 buc - Accesorii Plase Insecte\",\"isPartOf\":{\"@id\":\"https:\\\/\\\/accesoriiplaseinsecte.ro\\\/#website\"},\"primaryImageOfPage\":{\"@id\":\"https:\\\/\\\/accesoriiplaseinsecte.ro\\\/index.php\\\/produs\\\/balamala-plasa-insecte-alb-100-buc\\\/#primaryimage\"},\"image\":{\"@id\":\"https:\\\/\\\/accesoriiplaseinsecte.ro\\\/index.php\\\/produs\\\/balamala-plasa-insecte-alb-100-buc\\\/#primaryimage\"},\"thumbnailUrl\":\"https:\\\/\\\/accesoriiplaseinsecte.ro\\\/wp-content\\\/uploads\\\/2025\\\/03\\\/Balama-plasa-impotriva-insectelor-alb.jpg\",\"datePublished\":\"2025-03-12T16:43:20+00:00\",\"dateModified\":\"2025-10-13T14:44:55+00:00\",\"breadcrumb\":{\"@id\":\"https:\\\/\\\/accesoriiplaseinsecte.ro\\\/index.php\\\/produs\\\/balamala-plasa-insecte-alb-100-buc\\\/#breadcrumb\"},\"inLanguage\":\"ro-RO\",\"potentialAction\":[{\"@type\":\"ReadAction\",\"target\":[\"https:\\\/\\\/accesoriiplaseinsecte.ro\\\/index.php\\\/produs\\\/balamala-plasa-insecte-alb-100-buc\\\/\"]}]},{\"@type\":\"ImageObject\",\"inLanguage\":\"ro-RO\",\"@id\":\"https:\\\/\\\/accesoriiplaseinsecte.ro\\\/index.php\\\/produs\\\/balamala-plasa-insecte-alb-100-buc\\\/#primaryimage\",\"url\":\"https:\\\/\\\/accesoriiplaseinsecte.ro\\\/wp-content\\\/uploads\\\/2025\\\/03\\\/Balama-plasa-impotriva-insectelor-alb.jpg\",\"contentUrl\":\"https:\\\/\\\/accesoriiplaseinsecte.ro\\\/wp-content\\\/uploads\\\/2025\\\/03\\\/Balama-plasa-impotriva-insectelor-alb.jpg\",\"width\":600,\"height\":600},{\"@type\":\"BreadcrumbList\",\"@id\":\"https:\\\/\\\/accesoriiplaseinsecte.ro\\\/index.php\\\/produs\\\/balamala-plasa-insecte-alb-100-buc\\\/#breadcrumb\",\"itemListElement\":[{\"@type\":\"ListItem\",\"position\":1,\"name\":\"Prima pagin\u0103\",\"item\":\"https:\\\/\\\/accesoriiplaseinsecte.ro\\\/\"},{\"@type\":\"ListItem\",\"position\":2,\"name\":\"Magazin Accesorii Plase Anti Insecte\",\"item\":\"https:\\\/\\\/accesoriiplaseinsecte.ro\\\/index.php\\\/magazin-accesorii-plase-anti-insecte\\\/\"},{\"@type\":\"ListItem\",\"position\":3,\"name\":\"Balamala plasa insecte alb \u2013 100 buc\"}]},{\"@type\":\"WebSite\",\"@id\":\"https:\\\/\\\/accesoriiplaseinsecte.ro\\\/#website\",\"url\":\"https:\\\/\\\/accesoriiplaseinsecte.ro\\\/\",\"name\":\"Accesorii Plase Insecte\",\"description\":\"Cump\u0103r\u0103 cu \u00eencredere!\",\"potentialAction\":[{\"@type\":\"SearchAction\",\"target\":{\"@type\":\"EntryPoint\",\"urlTemplate\":\"https:\\\/\\\/accesoriiplaseinsecte.ro\\\/?s={search_term_string}\"},\"query-input\":{\"@type\":\"PropertyValueSpecification\",\"valueRequired\":true,\"valueName\":\"search_term_string\"}}],\"inLanguage\":\"ro-RO\"}]}<\/script>\n<!-- \/ Yoast SEO plugin. -->","yoast_head_json":{"title":"Balamala plasa insecte alb \u2013 100 buc - Accesorii Plase Insecte","robots":{"index":"index","follow":"follow","max-snippet":"max-snippet:-1","max-image-preview":"max-image-preview:large","max-video-preview":"max-video-preview:-1"},"canonical":"https:\/\/accesoriiplaseinsecte.ro\/index.php\/produs\/balamala-plasa-insecte-alb-100-buc\/","og_locale":"ro_RO","og_type":"article","og_title":"Balamala plasa insecte alb \u2013 100 buc - Accesorii Plase Insecte","og_description":"Descriere Protejeaz\u0103-\u021bi casa cu accesorii de calitate pentru plase de tantari! Accesorii pentru plase tantari. D\u0103 uit\u0103rii problemele cu insectele!","og_url":"https:\/\/accesoriiplaseinsecte.ro\/index.php\/produs\/balamala-plasa-insecte-alb-100-buc\/","og_site_name":"Accesorii Plase Insecte","article_modified_time":"2025-10-13T14:44:55+00:00","og_image":[{"width":600,"height":600,"url":"https:\/\/accesoriiplaseinsecte.ro\/wp-content\/uploads\/2025\/03\/Balama-plasa-impotriva-insectelor-alb.jpg","type":"image\/jpeg"}],"twitter_card":"summary_large_image","twitter_misc":{"Timp estimat pentru citire":"1 minut"},"schema":{"@context":"https:\/\/schema.org","@graph":[{"@type":"WebPage","@id":"https:\/\/accesoriiplaseinsecte.ro\/index.php\/produs\/balamala-plasa-insecte-alb-100-buc\/","url":"https:\/\/accesoriiplaseinsecte.ro\/index.php\/produs\/balamala-plasa-insecte-alb-100-buc\/","name":"Balamala plasa insecte alb \u2013 100 buc - Accesorii Plase Insecte","isPartOf":{"@id":"https:\/\/accesoriiplaseinsecte.ro\/#website"},"primaryImageOfPage":{"@id":"https:\/\/accesoriiplaseinsecte.ro\/index.php\/produs\/balamala-plasa-insecte-alb-100-buc\/#primaryimage"},"image":{"@id":"https:\/\/accesoriiplaseinsecte.ro\/index.php\/produs\/balamala-plasa-insecte-alb-100-buc\/#primaryimage"},"thumbnailUrl":"https:\/\/accesoriiplaseinsecte.ro\/wp-content\/uploads\/2025\/03\/Balama-plasa-impotriva-insectelor-alb.jpg","datePublished":"2025-03-12T16:43:20+00:00","dateModified":"2025-10-13T14:44:55+00:00","breadcrumb":{"@id":"https:\/\/accesoriiplaseinsecte.ro\/index.php\/produs\/balamala-plasa-insecte-alb-100-buc\/#breadcrumb"},"inLanguage":"ro-RO","potentialAction":[{"@type":"ReadAction","target":["https:\/\/accesoriiplaseinsecte.ro\/index.php\/produs\/balamala-plasa-insecte-alb-100-buc\/"]}]},{"@type":"ImageObject","inLanguage":"ro-RO","@id":"https:\/\/accesoriiplaseinsecte.ro\/index.php\/produs\/balamala-plasa-insecte-alb-100-buc\/#primaryimage","url":"https:\/\/accesoriiplaseinsecte.ro\/wp-content\/uploads\/2025\/03\/Balama-plasa-impotriva-insectelor-alb.jpg","contentUrl":"https:\/\/accesoriiplaseinsecte.ro\/wp-content\/uploads\/2025\/03\/Balama-plasa-impotriva-insectelor-alb.jpg","width":600,"height":600},{"@type":"BreadcrumbList","@id":"https:\/\/accesoriiplaseinsecte.ro\/index.php\/produs\/balamala-plasa-insecte-alb-100-buc\/#breadcrumb","itemListElement":[{"@type":"ListItem","position":1,"name":"Prima pagin\u0103","item":"https:\/\/accesoriiplaseinsecte.ro\/"},{"@type":"ListItem","position":2,"name":"Magazin Accesorii Plase Anti Insecte","item":"https:\/\/accesoriiplaseinsecte.ro\/index.php\/magazin-accesorii-plase-anti-insecte\/"},{"@type":"ListItem","position":3,"name":"Balamala plasa insecte alb \u2013 100 buc"}]},{"@type":"WebSite","@id":"https:\/\/accesoriiplaseinsecte.ro\/#website","url":"https:\/\/accesoriiplaseinsecte.ro\/","name":"Accesorii Plase Insecte","description":"Cump\u0103r\u0103 cu \u00eencredere!","potentialAction":[{"@type":"SearchAction","target":{"@type":"EntryPoint","urlTemplate":"https:\/\/accesoriiplaseinsecte.ro\/?s={search_term_string}"},"query-input":{"@type":"PropertyValueSpecification","valueRequired":true,"valueName":"search_term_string"}}],"inLanguage":"ro-RO"}]}},"_links":{"self":[{"href":"https:\/\/accesoriiplaseinsecte.ro\/index.php\/wp-json\/wp\/v2\/product\/20377","targetHints":{"allow":["GET"]}}],"collection":[{"href":"https:\/\/accesoriiplaseinsecte.ro\/index.php\/wp-json\/wp\/v2\/product"}],"about":[{"href":"https:\/\/accesoriiplaseinsecte.ro\/index.php\/wp-json\/wp\/v2\/types\/product"}],"replies":[{"embeddable":true,"href":"https:\/\/accesoriiplaseinsecte.ro\/index.php\/wp-json\/wp\/v2\/comments?post=20377"}],"wp:featuredmedia":[{"embeddable":true,"href":"https:\/\/accesoriiplaseinsecte.ro\/index.php\/wp-json\/wp\/v2\/media\/1091"}],"wp:attachment":[{"href":"https:\/\/accesoriiplaseinsecte.ro\/index.php\/wp-json\/wp\/v2\/media?parent=20377"}],"wp:term":[{"taxonomy":"product_brand","embeddable":true,"href":"https:\/\/accesoriiplaseinsecte.ro\/index.php\/wp-json\/wp\/v2\/product_brand?post=20377"},{"taxonomy":"product_cat","embeddable":true,"href":"https:\/\/accesoriiplaseinsecte.ro\/index.php\/wp-json\/wp\/v2\/product_cat?post=20377"},{"taxonomy":"product_tag","embeddable":true,"href":"https:\/\/accesoriiplaseinsecte.ro\/index.php\/wp-json\/wp\/v2\/product_tag?post=20377"}],"curies":[{"name":"wp","href":"https:\/\/api.w.org\/{rel}","templated":true}]}}