{"id":20397,"date":"2025-03-12T19:37:04","date_gmt":"2025-03-12T17:37:04","guid":{"rendered":"https:\/\/accesoriiplaseinsecte.ro\/?post_type=product&#038;p=20397"},"modified":"2025-10-13T17:38:09","modified_gmt":"2025-10-13T14:38:09","slug":"plasa-insecte-rola-24-mp-latime-0-8m-lungime-30m","status":"publish","type":"product","link":"https:\/\/accesoriiplaseinsecte.ro\/index.php\/produs\/plasa-insecte-rola-24-mp-latime-0-8m-lungime-30m\/","title":{"rendered":"Plasa insecte \u2013 Rol\u0103 24 MP, L\u0103\u021bime 0.8m, Lungime 30m"},"content":{"rendered":"","protected":false},"excerpt":{"rendered":"","protected":false},"featured_media":20398,"comment_status":"open","ping_status":"closed","template":"","meta":[],"product_brand":[],"product_cat":[47],"product_tag":[],"class_list":{"0":"post-20397","1":"product","2":"type-product","3":"status-publish","4":"has-post-thumbnail","6":"product_cat-accesorii-plase-insecte","8":"first","9":"instock","10":"sale","11":"taxable","12":"shipping-taxable","13":"purchasable","14":"product-type-simple"},"yoast_head":"<!-- This site is optimized with the Yoast SEO plugin v27.3 - https:\/\/yoast.com\/product\/yoast-seo-wordpress\/ -->\n<title>Plasa insecte \u2013 Rol\u0103 24 MP, L\u0103\u021bime 0.8m, Lungime 30m - Accesorii Plase Insecte<\/title>\n<meta name=\"robots\" content=\"index, follow, max-snippet:-1, max-image-preview:large, max-video-preview:-1\" \/>\n<link rel=\"canonical\" href=\"https:\/\/accesoriiplaseinsecte.ro\/index.php\/produs\/plasa-insecte-rola-24-mp-latime-0-8m-lungime-30m\/\" \/>\n<meta property=\"og:locale\" content=\"ro_RO\" \/>\n<meta property=\"og:type\" content=\"article\" \/>\n<meta property=\"og:title\" content=\"Plasa insecte \u2013 Rol\u0103 24 MP, L\u0103\u021bime 0.8m, Lungime 30m - Accesorii Plase Insecte\" \/>\n<meta property=\"og:url\" content=\"https:\/\/accesoriiplaseinsecte.ro\/index.php\/produs\/plasa-insecte-rola-24-mp-latime-0-8m-lungime-30m\/\" \/>\n<meta property=\"og:site_name\" content=\"Accesorii Plase Insecte\" \/>\n<meta property=\"article:modified_time\" content=\"2025-10-13T14:38:09+00:00\" \/>\n<meta property=\"og:image\" content=\"https:\/\/accesoriiplaseinsecte.ro\/wp-content\/uploads\/2025\/03\/plasa-insecte-rola.jpg\" \/>\n\t<meta property=\"og:image:width\" content=\"1000\" \/>\n\t<meta property=\"og:image:height\" content=\"1000\" \/>\n\t<meta property=\"og:image:type\" content=\"image\/jpeg\" \/>\n<meta name=\"twitter:card\" content=\"summary_large_image\" \/>\n<meta name=\"twitter:label1\" content=\"Timp estimat pentru citire\" \/>\n\t<meta name=\"twitter:data1\" content=\"1 minut\" \/>\n<script type=\"application\/ld+json\" class=\"yoast-schema-graph\">{\"@context\":\"https:\\\/\\\/schema.org\",\"@graph\":[{\"@type\":\"WebPage\",\"@id\":\"https:\\\/\\\/accesoriiplaseinsecte.ro\\\/index.php\\\/produs\\\/plasa-insecte-rola-24-mp-latime-0-8m-lungime-30m\\\/\",\"url\":\"https:\\\/\\\/accesoriiplaseinsecte.ro\\\/index.php\\\/produs\\\/plasa-insecte-rola-24-mp-latime-0-8m-lungime-30m\\\/\",\"name\":\"Plasa insecte \u2013 Rol\u0103 24 MP, L\u0103\u021bime 0.8m, Lungime 30m - Accesorii Plase Insecte\",\"isPartOf\":{\"@id\":\"https:\\\/\\\/accesoriiplaseinsecte.ro\\\/#website\"},\"primaryImageOfPage\":{\"@id\":\"https:\\\/\\\/accesoriiplaseinsecte.ro\\\/index.php\\\/produs\\\/plasa-insecte-rola-24-mp-latime-0-8m-lungime-30m\\\/#primaryimage\"},\"image\":{\"@id\":\"https:\\\/\\\/accesoriiplaseinsecte.ro\\\/index.php\\\/produs\\\/plasa-insecte-rola-24-mp-latime-0-8m-lungime-30m\\\/#primaryimage\"},\"thumbnailUrl\":\"https:\\\/\\\/accesoriiplaseinsecte.ro\\\/wp-content\\\/uploads\\\/2025\\\/03\\\/plasa-insecte-rola.jpg\",\"datePublished\":\"2025-03-12T17:37:04+00:00\",\"dateModified\":\"2025-10-13T14:38:09+00:00\",\"breadcrumb\":{\"@id\":\"https:\\\/\\\/accesoriiplaseinsecte.ro\\\/index.php\\\/produs\\\/plasa-insecte-rola-24-mp-latime-0-8m-lungime-30m\\\/#breadcrumb\"},\"inLanguage\":\"ro-RO\",\"potentialAction\":[{\"@type\":\"ReadAction\",\"target\":[\"https:\\\/\\\/accesoriiplaseinsecte.ro\\\/index.php\\\/produs\\\/plasa-insecte-rola-24-mp-latime-0-8m-lungime-30m\\\/\"]}]},{\"@type\":\"ImageObject\",\"inLanguage\":\"ro-RO\",\"@id\":\"https:\\\/\\\/accesoriiplaseinsecte.ro\\\/index.php\\\/produs\\\/plasa-insecte-rola-24-mp-latime-0-8m-lungime-30m\\\/#primaryimage\",\"url\":\"https:\\\/\\\/accesoriiplaseinsecte.ro\\\/wp-content\\\/uploads\\\/2025\\\/03\\\/plasa-insecte-rola.jpg\",\"contentUrl\":\"https:\\\/\\\/accesoriiplaseinsecte.ro\\\/wp-content\\\/uploads\\\/2025\\\/03\\\/plasa-insecte-rola.jpg\",\"width\":1000,\"height\":1000,\"caption\":\"Accesorii plase insecte\"},{\"@type\":\"BreadcrumbList\",\"@id\":\"https:\\\/\\\/accesoriiplaseinsecte.ro\\\/index.php\\\/produs\\\/plasa-insecte-rola-24-mp-latime-0-8m-lungime-30m\\\/#breadcrumb\",\"itemListElement\":[{\"@type\":\"ListItem\",\"position\":1,\"name\":\"Prima pagin\u0103\",\"item\":\"https:\\\/\\\/accesoriiplaseinsecte.ro\\\/\"},{\"@type\":\"ListItem\",\"position\":2,\"name\":\"Magazin Accesorii Plase Anti Insecte\",\"item\":\"https:\\\/\\\/accesoriiplaseinsecte.ro\\\/index.php\\\/magazin-accesorii-plase-anti-insecte\\\/\"},{\"@type\":\"ListItem\",\"position\":3,\"name\":\"Plasa insecte \u2013 Rol\u0103 24 MP, L\u0103\u021bime 0.8m, Lungime 30m\"}]},{\"@type\":\"WebSite\",\"@id\":\"https:\\\/\\\/accesoriiplaseinsecte.ro\\\/#website\",\"url\":\"https:\\\/\\\/accesoriiplaseinsecte.ro\\\/\",\"name\":\"Accesorii Plase Insecte\",\"description\":\"Cump\u0103r\u0103 cu \u00eencredere!\",\"potentialAction\":[{\"@type\":\"SearchAction\",\"target\":{\"@type\":\"EntryPoint\",\"urlTemplate\":\"https:\\\/\\\/accesoriiplaseinsecte.ro\\\/?s={search_term_string}\"},\"query-input\":{\"@type\":\"PropertyValueSpecification\",\"valueRequired\":true,\"valueName\":\"search_term_string\"}}],\"inLanguage\":\"ro-RO\"}]}<\/script>\n<!-- \/ Yoast SEO plugin. -->","yoast_head_json":{"title":"Plasa insecte \u2013 Rol\u0103 24 MP, L\u0103\u021bime 0.8m, Lungime 30m - Accesorii Plase Insecte","robots":{"index":"index","follow":"follow","max-snippet":"max-snippet:-1","max-image-preview":"max-image-preview:large","max-video-preview":"max-video-preview:-1"},"canonical":"https:\/\/accesoriiplaseinsecte.ro\/index.php\/produs\/plasa-insecte-rola-24-mp-latime-0-8m-lungime-30m\/","og_locale":"ro_RO","og_type":"article","og_title":"Plasa insecte \u2013 Rol\u0103 24 MP, L\u0103\u021bime 0.8m, Lungime 30m - Accesorii Plase Insecte","og_url":"https:\/\/accesoriiplaseinsecte.ro\/index.php\/produs\/plasa-insecte-rola-24-mp-latime-0-8m-lungime-30m\/","og_site_name":"Accesorii Plase Insecte","article_modified_time":"2025-10-13T14:38:09+00:00","og_image":[{"width":1000,"height":1000,"url":"https:\/\/accesoriiplaseinsecte.ro\/wp-content\/uploads\/2025\/03\/plasa-insecte-rola.jpg","type":"image\/jpeg"}],"twitter_card":"summary_large_image","twitter_misc":{"Timp estimat pentru citire":"1 minut"},"schema":{"@context":"https:\/\/schema.org","@graph":[{"@type":"WebPage","@id":"https:\/\/accesoriiplaseinsecte.ro\/index.php\/produs\/plasa-insecte-rola-24-mp-latime-0-8m-lungime-30m\/","url":"https:\/\/accesoriiplaseinsecte.ro\/index.php\/produs\/plasa-insecte-rola-24-mp-latime-0-8m-lungime-30m\/","name":"Plasa insecte \u2013 Rol\u0103 24 MP, L\u0103\u021bime 0.8m, Lungime 30m - Accesorii Plase Insecte","isPartOf":{"@id":"https:\/\/accesoriiplaseinsecte.ro\/#website"},"primaryImageOfPage":{"@id":"https:\/\/accesoriiplaseinsecte.ro\/index.php\/produs\/plasa-insecte-rola-24-mp-latime-0-8m-lungime-30m\/#primaryimage"},"image":{"@id":"https:\/\/accesoriiplaseinsecte.ro\/index.php\/produs\/plasa-insecte-rola-24-mp-latime-0-8m-lungime-30m\/#primaryimage"},"thumbnailUrl":"https:\/\/accesoriiplaseinsecte.ro\/wp-content\/uploads\/2025\/03\/plasa-insecte-rola.jpg","datePublished":"2025-03-12T17:37:04+00:00","dateModified":"2025-10-13T14:38:09+00:00","breadcrumb":{"@id":"https:\/\/accesoriiplaseinsecte.ro\/index.php\/produs\/plasa-insecte-rola-24-mp-latime-0-8m-lungime-30m\/#breadcrumb"},"inLanguage":"ro-RO","potentialAction":[{"@type":"ReadAction","target":["https:\/\/accesoriiplaseinsecte.ro\/index.php\/produs\/plasa-insecte-rola-24-mp-latime-0-8m-lungime-30m\/"]}]},{"@type":"ImageObject","inLanguage":"ro-RO","@id":"https:\/\/accesoriiplaseinsecte.ro\/index.php\/produs\/plasa-insecte-rola-24-mp-latime-0-8m-lungime-30m\/#primaryimage","url":"https:\/\/accesoriiplaseinsecte.ro\/wp-content\/uploads\/2025\/03\/plasa-insecte-rola.jpg","contentUrl":"https:\/\/accesoriiplaseinsecte.ro\/wp-content\/uploads\/2025\/03\/plasa-insecte-rola.jpg","width":1000,"height":1000,"caption":"Accesorii plase insecte"},{"@type":"BreadcrumbList","@id":"https:\/\/accesoriiplaseinsecte.ro\/index.php\/produs\/plasa-insecte-rola-24-mp-latime-0-8m-lungime-30m\/#breadcrumb","itemListElement":[{"@type":"ListItem","position":1,"name":"Prima pagin\u0103","item":"https:\/\/accesoriiplaseinsecte.ro\/"},{"@type":"ListItem","position":2,"name":"Magazin Accesorii Plase Anti Insecte","item":"https:\/\/accesoriiplaseinsecte.ro\/index.php\/magazin-accesorii-plase-anti-insecte\/"},{"@type":"ListItem","position":3,"name":"Plasa insecte \u2013 Rol\u0103 24 MP, L\u0103\u021bime 0.8m, Lungime 30m"}]},{"@type":"WebSite","@id":"https:\/\/accesoriiplaseinsecte.ro\/#website","url":"https:\/\/accesoriiplaseinsecte.ro\/","name":"Accesorii Plase Insecte","description":"Cump\u0103r\u0103 cu \u00eencredere!","potentialAction":[{"@type":"SearchAction","target":{"@type":"EntryPoint","urlTemplate":"https:\/\/accesoriiplaseinsecte.ro\/?s={search_term_string}"},"query-input":{"@type":"PropertyValueSpecification","valueRequired":true,"valueName":"search_term_string"}}],"inLanguage":"ro-RO"}]}},"_links":{"self":[{"href":"https:\/\/accesoriiplaseinsecte.ro\/index.php\/wp-json\/wp\/v2\/product\/20397","targetHints":{"allow":["GET"]}}],"collection":[{"href":"https:\/\/accesoriiplaseinsecte.ro\/index.php\/wp-json\/wp\/v2\/product"}],"about":[{"href":"https:\/\/accesoriiplaseinsecte.ro\/index.php\/wp-json\/wp\/v2\/types\/product"}],"replies":[{"embeddable":true,"href":"https:\/\/accesoriiplaseinsecte.ro\/index.php\/wp-json\/wp\/v2\/comments?post=20397"}],"wp:featuredmedia":[{"embeddable":true,"href":"https:\/\/accesoriiplaseinsecte.ro\/index.php\/wp-json\/wp\/v2\/media\/20398"}],"wp:attachment":[{"href":"https:\/\/accesoriiplaseinsecte.ro\/index.php\/wp-json\/wp\/v2\/media?parent=20397"}],"wp:term":[{"taxonomy":"product_brand","embeddable":true,"href":"https:\/\/accesoriiplaseinsecte.ro\/index.php\/wp-json\/wp\/v2\/product_brand?post=20397"},{"taxonomy":"product_cat","embeddable":true,"href":"https:\/\/accesoriiplaseinsecte.ro\/index.php\/wp-json\/wp\/v2\/product_cat?post=20397"},{"taxonomy":"product_tag","embeddable":true,"href":"https:\/\/accesoriiplaseinsecte.ro\/index.php\/wp-json\/wp\/v2\/product_tag?post=20397"}],"curies":[{"name":"wp","href":"https:\/\/api.w.org\/{rel}","templated":true}]}}