{"id":20440,"date":"2025-03-13T15:11:48","date_gmt":"2025-03-13T13:11:48","guid":{"rendered":"https:\/\/accesoriiplaseinsecte.ro\/?post_type=product&#038;p=20440"},"modified":"2026-04-15T19:46:20","modified_gmt":"2026-04-15T16:46:20","slug":"maner-fereastra-alb","status":"publish","type":"product","link":"https:\/\/accesoriiplaseinsecte.ro\/index.php\/produs\/maner-fereastra-alb\/","title":{"rendered":"Maner fereastra Lima, alb"},"content":{"rendered":"<h2>Descriere<\/h2>\n<h3>Maner fereastra, material aluminiu, 7\u00d740, alb RAL9016<\/h3>\n<h3><strong>Manerul de fereastr\u0103<\/strong>\u00a0este un element important al oric\u0103rei ferestre, care faciliteaz\u0103 deschiderea \u0219i \u00eenchiderea acesteia. Acesta este fabricat din\u00a0<strong>aluminiu<\/strong>, un material u\u0219or \u0219i durabil, ceea ce \u00eel face u\u0219or de manevrat.<\/h3>\n<p>Dimensiunea manerului este de<strong>\u00a07\u00d740 mm<\/strong>, fiind astfel confortabil pentru m\u00e2inile utilizatorilor.<\/p>\n<p>Manerul este disponibil \u00een culoarea<strong>\u00a0alb RAL9016<\/strong>, care este o culoare standard utilizat\u0103 frecvent \u00een construc\u021bii \u0219i care se potrive\u0219te cu mai multe culori de ram\u0103. Design-ul simplu al manerului \u00eel face potrivit pentru o varietate de stiluri arhitecturale.<\/p>\n<p>Acest tip de maner poate fi utilizat pentru ferestrele de dimensiuni medii \u0219i mari \u0219i poate fi instalat \u00een partea lateral\u0103 a ferestrei.<\/p>\n<p>\u00cen general,\u00a0<strong>manerele de fereastr\u0103<\/strong>\u00a0din<strong>\u00a0aluminiu<\/strong>\u00a0sunt rezistente la coroziune \u0219i durabile \u00een timp, ceea ce face din acestea o op\u021biune popular\u0103 \u00een construc\u021bii.<\/p>\n<p>Produse confectionate din aliaje metalice de inalta calitate, rezistente la coroziune. Suprafetele se realizeaza prin procedeul de eloxare sau prin vopsire in camp electrostatic.<\/p>\n<p>Acest strat protejeaza manerele impotriva influentelor externe precum transparatia de pe maini, umiditatea din aer si solicitarile mecanice uzuale.<\/p>\n<p>Nu necesita o atentie speciala deoarece stratul de oxid asigura o protectie adecvata, murdaria poate fi usor indepartata cu o carpa umeda.<\/p>\n<p>Manerul se livreaza cu suruburi de montare astfel montajul manerului este usor si intuitiv.<\/p>\n<p>Pachetul include:<\/p>\n<ul>\n<li><strong>cremon fereastra<\/strong><\/li>\n<li>suruburi de prindere<\/li>\n<\/ul>\n","protected":false},"excerpt":{"rendered":"<p>Descriere Maner fereastra, material aluminiu, 7\u00d740, alb RAL9016 Manerul de fereastr\u0103\u00a0este un element important al oric\u0103rei ferestre, care faciliteaz\u0103 deschiderea<\/p>\n","protected":false},"featured_media":20685,"comment_status":"open","ping_status":"closed","template":"","meta":[],"product_brand":[],"product_cat":[135],"product_tag":[],"class_list":{"0":"post-20440","1":"product","2":"type-product","3":"status-publish","4":"has-post-thumbnail","6":"product_cat-accesorii-pentru-termopane-usi-si-ferestre","8":"first","9":"onbackorder","10":"sale","11":"taxable","12":"shipping-taxable","13":"purchasable","14":"product-type-simple"},"yoast_head":"<!-- This site is optimized with the Yoast SEO plugin v27.3 - https:\/\/yoast.com\/product\/yoast-seo-wordpress\/ -->\n<title>Maner fereastra Lima, alb - Accesorii Plase Insecte<\/title>\n<meta name=\"robots\" content=\"index, follow, max-snippet:-1, max-image-preview:large, max-video-preview:-1\" \/>\n<link rel=\"canonical\" href=\"https:\/\/accesoriiplaseinsecte.ro\/index.php\/produs\/maner-fereastra-alb\/\" \/>\n<meta property=\"og:locale\" content=\"ro_RO\" \/>\n<meta property=\"og:type\" content=\"article\" \/>\n<meta property=\"og:title\" content=\"Maner fereastra Lima, alb - Accesorii Plase Insecte\" \/>\n<meta property=\"og:description\" content=\"Descriere Maner fereastra, material aluminiu, 7\u00d740, alb RAL9016 Manerul de fereastr\u0103\u00a0este un element important al oric\u0103rei ferestre, care faciliteaz\u0103 deschiderea\" \/>\n<meta property=\"og:url\" content=\"https:\/\/accesoriiplaseinsecte.ro\/index.php\/produs\/maner-fereastra-alb\/\" \/>\n<meta property=\"og:site_name\" content=\"Accesorii Plase Insecte\" \/>\n<meta property=\"article:modified_time\" content=\"2026-04-15T16:46:20+00:00\" \/>\n<meta property=\"og:image\" content=\"https:\/\/accesoriiplaseinsecte.ro\/wp-content\/uploads\/2025\/03\/maner-de-fereastra-LIMA.webp\" \/>\n\t<meta property=\"og:image:width\" content=\"400\" \/>\n\t<meta property=\"og:image:height\" content=\"450\" \/>\n\t<meta property=\"og:image:type\" content=\"image\/webp\" \/>\n<meta name=\"twitter:card\" content=\"summary_large_image\" \/>\n<meta name=\"twitter:label1\" content=\"Timp estimat pentru citire\" \/>\n\t<meta name=\"twitter:data1\" content=\"2 minute\" \/>\n<script type=\"application\/ld+json\" class=\"yoast-schema-graph\">{\"@context\":\"https:\\\/\\\/schema.org\",\"@graph\":[{\"@type\":\"WebPage\",\"@id\":\"https:\\\/\\\/accesoriiplaseinsecte.ro\\\/index.php\\\/produs\\\/maner-fereastra-alb\\\/\",\"url\":\"https:\\\/\\\/accesoriiplaseinsecte.ro\\\/index.php\\\/produs\\\/maner-fereastra-alb\\\/\",\"name\":\"Maner fereastra Lima, alb - Accesorii Plase Insecte\",\"isPartOf\":{\"@id\":\"https:\\\/\\\/accesoriiplaseinsecte.ro\\\/#website\"},\"primaryImageOfPage\":{\"@id\":\"https:\\\/\\\/accesoriiplaseinsecte.ro\\\/index.php\\\/produs\\\/maner-fereastra-alb\\\/#primaryimage\"},\"image\":{\"@id\":\"https:\\\/\\\/accesoriiplaseinsecte.ro\\\/index.php\\\/produs\\\/maner-fereastra-alb\\\/#primaryimage\"},\"thumbnailUrl\":\"https:\\\/\\\/accesoriiplaseinsecte.ro\\\/wp-content\\\/uploads\\\/2025\\\/03\\\/maner-de-fereastra-LIMA.webp\",\"datePublished\":\"2025-03-13T13:11:48+00:00\",\"dateModified\":\"2026-04-15T16:46:20+00:00\",\"breadcrumb\":{\"@id\":\"https:\\\/\\\/accesoriiplaseinsecte.ro\\\/index.php\\\/produs\\\/maner-fereastra-alb\\\/#breadcrumb\"},\"inLanguage\":\"ro-RO\",\"potentialAction\":[{\"@type\":\"ReadAction\",\"target\":[\"https:\\\/\\\/accesoriiplaseinsecte.ro\\\/index.php\\\/produs\\\/maner-fereastra-alb\\\/\"]}]},{\"@type\":\"ImageObject\",\"inLanguage\":\"ro-RO\",\"@id\":\"https:\\\/\\\/accesoriiplaseinsecte.ro\\\/index.php\\\/produs\\\/maner-fereastra-alb\\\/#primaryimage\",\"url\":\"https:\\\/\\\/accesoriiplaseinsecte.ro\\\/wp-content\\\/uploads\\\/2025\\\/03\\\/maner-de-fereastra-LIMA.webp\",\"contentUrl\":\"https:\\\/\\\/accesoriiplaseinsecte.ro\\\/wp-content\\\/uploads\\\/2025\\\/03\\\/maner-de-fereastra-LIMA.webp\",\"width\":400,\"height\":450},{\"@type\":\"BreadcrumbList\",\"@id\":\"https:\\\/\\\/accesoriiplaseinsecte.ro\\\/index.php\\\/produs\\\/maner-fereastra-alb\\\/#breadcrumb\",\"itemListElement\":[{\"@type\":\"ListItem\",\"position\":1,\"name\":\"Prima pagin\u0103\",\"item\":\"https:\\\/\\\/accesoriiplaseinsecte.ro\\\/\"},{\"@type\":\"ListItem\",\"position\":2,\"name\":\"Magazin Accesorii Plase Anti Insecte\",\"item\":\"https:\\\/\\\/accesoriiplaseinsecte.ro\\\/index.php\\\/magazin-accesorii-plase-anti-insecte\\\/\"},{\"@type\":\"ListItem\",\"position\":3,\"name\":\"Maner fereastra Lima, alb\"}]},{\"@type\":\"WebSite\",\"@id\":\"https:\\\/\\\/accesoriiplaseinsecte.ro\\\/#website\",\"url\":\"https:\\\/\\\/accesoriiplaseinsecte.ro\\\/\",\"name\":\"Accesorii Plase Insecte\",\"description\":\"Cump\u0103r\u0103 cu \u00eencredere!\",\"potentialAction\":[{\"@type\":\"SearchAction\",\"target\":{\"@type\":\"EntryPoint\",\"urlTemplate\":\"https:\\\/\\\/accesoriiplaseinsecte.ro\\\/?s={search_term_string}\"},\"query-input\":{\"@type\":\"PropertyValueSpecification\",\"valueRequired\":true,\"valueName\":\"search_term_string\"}}],\"inLanguage\":\"ro-RO\"}]}<\/script>\n<!-- \/ Yoast SEO plugin. -->","yoast_head_json":{"title":"Maner fereastra Lima, alb - Accesorii Plase Insecte","robots":{"index":"index","follow":"follow","max-snippet":"max-snippet:-1","max-image-preview":"max-image-preview:large","max-video-preview":"max-video-preview:-1"},"canonical":"https:\/\/accesoriiplaseinsecte.ro\/index.php\/produs\/maner-fereastra-alb\/","og_locale":"ro_RO","og_type":"article","og_title":"Maner fereastra Lima, alb - Accesorii Plase Insecte","og_description":"Descriere Maner fereastra, material aluminiu, 7\u00d740, alb RAL9016 Manerul de fereastr\u0103\u00a0este un element important al oric\u0103rei ferestre, care faciliteaz\u0103 deschiderea","og_url":"https:\/\/accesoriiplaseinsecte.ro\/index.php\/produs\/maner-fereastra-alb\/","og_site_name":"Accesorii Plase Insecte","article_modified_time":"2026-04-15T16:46:20+00:00","og_image":[{"width":400,"height":450,"url":"https:\/\/accesoriiplaseinsecte.ro\/wp-content\/uploads\/2025\/03\/maner-de-fereastra-LIMA.webp","type":"image\/webp"}],"twitter_card":"summary_large_image","twitter_misc":{"Timp estimat pentru citire":"2 minute"},"schema":{"@context":"https:\/\/schema.org","@graph":[{"@type":"WebPage","@id":"https:\/\/accesoriiplaseinsecte.ro\/index.php\/produs\/maner-fereastra-alb\/","url":"https:\/\/accesoriiplaseinsecte.ro\/index.php\/produs\/maner-fereastra-alb\/","name":"Maner fereastra Lima, alb - Accesorii Plase Insecte","isPartOf":{"@id":"https:\/\/accesoriiplaseinsecte.ro\/#website"},"primaryImageOfPage":{"@id":"https:\/\/accesoriiplaseinsecte.ro\/index.php\/produs\/maner-fereastra-alb\/#primaryimage"},"image":{"@id":"https:\/\/accesoriiplaseinsecte.ro\/index.php\/produs\/maner-fereastra-alb\/#primaryimage"},"thumbnailUrl":"https:\/\/accesoriiplaseinsecte.ro\/wp-content\/uploads\/2025\/03\/maner-de-fereastra-LIMA.webp","datePublished":"2025-03-13T13:11:48+00:00","dateModified":"2026-04-15T16:46:20+00:00","breadcrumb":{"@id":"https:\/\/accesoriiplaseinsecte.ro\/index.php\/produs\/maner-fereastra-alb\/#breadcrumb"},"inLanguage":"ro-RO","potentialAction":[{"@type":"ReadAction","target":["https:\/\/accesoriiplaseinsecte.ro\/index.php\/produs\/maner-fereastra-alb\/"]}]},{"@type":"ImageObject","inLanguage":"ro-RO","@id":"https:\/\/accesoriiplaseinsecte.ro\/index.php\/produs\/maner-fereastra-alb\/#primaryimage","url":"https:\/\/accesoriiplaseinsecte.ro\/wp-content\/uploads\/2025\/03\/maner-de-fereastra-LIMA.webp","contentUrl":"https:\/\/accesoriiplaseinsecte.ro\/wp-content\/uploads\/2025\/03\/maner-de-fereastra-LIMA.webp","width":400,"height":450},{"@type":"BreadcrumbList","@id":"https:\/\/accesoriiplaseinsecte.ro\/index.php\/produs\/maner-fereastra-alb\/#breadcrumb","itemListElement":[{"@type":"ListItem","position":1,"name":"Prima pagin\u0103","item":"https:\/\/accesoriiplaseinsecte.ro\/"},{"@type":"ListItem","position":2,"name":"Magazin Accesorii Plase Anti Insecte","item":"https:\/\/accesoriiplaseinsecte.ro\/index.php\/magazin-accesorii-plase-anti-insecte\/"},{"@type":"ListItem","position":3,"name":"Maner fereastra Lima, alb"}]},{"@type":"WebSite","@id":"https:\/\/accesoriiplaseinsecte.ro\/#website","url":"https:\/\/accesoriiplaseinsecte.ro\/","name":"Accesorii Plase Insecte","description":"Cump\u0103r\u0103 cu \u00eencredere!","potentialAction":[{"@type":"SearchAction","target":{"@type":"EntryPoint","urlTemplate":"https:\/\/accesoriiplaseinsecte.ro\/?s={search_term_string}"},"query-input":{"@type":"PropertyValueSpecification","valueRequired":true,"valueName":"search_term_string"}}],"inLanguage":"ro-RO"}]}},"_links":{"self":[{"href":"https:\/\/accesoriiplaseinsecte.ro\/index.php\/wp-json\/wp\/v2\/product\/20440","targetHints":{"allow":["GET"]}}],"collection":[{"href":"https:\/\/accesoriiplaseinsecte.ro\/index.php\/wp-json\/wp\/v2\/product"}],"about":[{"href":"https:\/\/accesoriiplaseinsecte.ro\/index.php\/wp-json\/wp\/v2\/types\/product"}],"replies":[{"embeddable":true,"href":"https:\/\/accesoriiplaseinsecte.ro\/index.php\/wp-json\/wp\/v2\/comments?post=20440"}],"wp:featuredmedia":[{"embeddable":true,"href":"https:\/\/accesoriiplaseinsecte.ro\/index.php\/wp-json\/wp\/v2\/media\/20685"}],"wp:attachment":[{"href":"https:\/\/accesoriiplaseinsecte.ro\/index.php\/wp-json\/wp\/v2\/media?parent=20440"}],"wp:term":[{"taxonomy":"product_brand","embeddable":true,"href":"https:\/\/accesoriiplaseinsecte.ro\/index.php\/wp-json\/wp\/v2\/product_brand?post=20440"},{"taxonomy":"product_cat","embeddable":true,"href":"https:\/\/accesoriiplaseinsecte.ro\/index.php\/wp-json\/wp\/v2\/product_cat?post=20440"},{"taxonomy":"product_tag","embeddable":true,"href":"https:\/\/accesoriiplaseinsecte.ro\/index.php\/wp-json\/wp\/v2\/product_tag?post=20440"}],"curies":[{"name":"wp","href":"https:\/\/api.w.org\/{rel}","templated":true}]}}