{"id":21049,"date":"2025-12-30T21:31:41","date_gmt":"2025-12-30T19:31:41","guid":{"rendered":"https:\/\/accesoriiplaseinsecte.ro\/?post_type=product&#038;p=21049"},"modified":"2025-12-30T21:31:41","modified_gmt":"2025-12-30T19:31:41","slug":"spanioleta-simpla-deshidere-800-1000","status":"publish","type":"product","link":"https:\/\/accesoriiplaseinsecte.ro\/index.php\/produs\/spanioleta-simpla-deshidere-800-1000\/","title":{"rendered":"Spanioleta simpla deshidere 800-1000"},"content":{"rendered":"","protected":false},"excerpt":{"rendered":"","protected":false},"featured_media":21046,"comment_status":"open","ping_status":"closed","template":"","meta":[],"product_brand":[],"product_cat":[149],"product_tag":[],"class_list":{"0":"post-21049","1":"product","2":"type-product","3":"status-publish","4":"has-post-thumbnail","6":"product_cat-feronerie-vorne","8":"first","9":"instock","10":"sale","11":"taxable","12":"shipping-taxable","13":"purchasable","14":"product-type-simple"},"yoast_head":"<!-- This site is optimized with the Yoast SEO plugin v27.3 - https:\/\/yoast.com\/product\/yoast-seo-wordpress\/ -->\n<title>Spanioleta simpla deshidere 800-1000 - Accesorii Plase Insecte<\/title>\n<meta name=\"robots\" content=\"index, follow, max-snippet:-1, max-image-preview:large, max-video-preview:-1\" \/>\n<link rel=\"canonical\" href=\"https:\/\/accesoriiplaseinsecte.ro\/index.php\/produs\/spanioleta-simpla-deshidere-800-1000\/\" \/>\n<meta property=\"og:locale\" content=\"ro_RO\" \/>\n<meta property=\"og:type\" content=\"article\" \/>\n<meta property=\"og:title\" content=\"Spanioleta simpla deshidere 800-1000 - Accesorii Plase Insecte\" \/>\n<meta property=\"og:url\" content=\"https:\/\/accesoriiplaseinsecte.ro\/index.php\/produs\/spanioleta-simpla-deshidere-800-1000\/\" \/>\n<meta property=\"og:site_name\" content=\"Accesorii Plase Insecte\" \/>\n<meta property=\"og:image\" content=\"https:\/\/accesoriiplaseinsecte.ro\/wp-content\/uploads\/2025\/12\/d6a1ea44-30de-4af1-bb69-0cfbc3f5415e.jpg\" \/>\n\t<meta property=\"og:image:width\" content=\"720\" \/>\n\t<meta property=\"og:image:height\" content=\"720\" \/>\n\t<meta property=\"og:image:type\" content=\"image\/jpeg\" \/>\n<meta name=\"twitter:card\" content=\"summary_large_image\" \/>\n<meta name=\"twitter:label1\" content=\"Timp estimat pentru citire\" \/>\n\t<meta name=\"twitter:data1\" content=\"1 minut\" \/>\n<script type=\"application\/ld+json\" class=\"yoast-schema-graph\">{\"@context\":\"https:\\\/\\\/schema.org\",\"@graph\":[{\"@type\":\"WebPage\",\"@id\":\"https:\\\/\\\/accesoriiplaseinsecte.ro\\\/index.php\\\/produs\\\/spanioleta-simpla-deshidere-800-1000\\\/\",\"url\":\"https:\\\/\\\/accesoriiplaseinsecte.ro\\\/index.php\\\/produs\\\/spanioleta-simpla-deshidere-800-1000\\\/\",\"name\":\"Spanioleta simpla deshidere 800-1000 - Accesorii Plase Insecte\",\"isPartOf\":{\"@id\":\"https:\\\/\\\/accesoriiplaseinsecte.ro\\\/#website\"},\"primaryImageOfPage\":{\"@id\":\"https:\\\/\\\/accesoriiplaseinsecte.ro\\\/index.php\\\/produs\\\/spanioleta-simpla-deshidere-800-1000\\\/#primaryimage\"},\"image\":{\"@id\":\"https:\\\/\\\/accesoriiplaseinsecte.ro\\\/index.php\\\/produs\\\/spanioleta-simpla-deshidere-800-1000\\\/#primaryimage\"},\"thumbnailUrl\":\"https:\\\/\\\/accesoriiplaseinsecte.ro\\\/wp-content\\\/uploads\\\/2025\\\/12\\\/d6a1ea44-30de-4af1-bb69-0cfbc3f5415e.jpg\",\"datePublished\":\"2025-12-30T19:31:41+00:00\",\"breadcrumb\":{\"@id\":\"https:\\\/\\\/accesoriiplaseinsecte.ro\\\/index.php\\\/produs\\\/spanioleta-simpla-deshidere-800-1000\\\/#breadcrumb\"},\"inLanguage\":\"ro-RO\",\"potentialAction\":[{\"@type\":\"ReadAction\",\"target\":[\"https:\\\/\\\/accesoriiplaseinsecte.ro\\\/index.php\\\/produs\\\/spanioleta-simpla-deshidere-800-1000\\\/\"]}]},{\"@type\":\"ImageObject\",\"inLanguage\":\"ro-RO\",\"@id\":\"https:\\\/\\\/accesoriiplaseinsecte.ro\\\/index.php\\\/produs\\\/spanioleta-simpla-deshidere-800-1000\\\/#primaryimage\",\"url\":\"https:\\\/\\\/accesoriiplaseinsecte.ro\\\/wp-content\\\/uploads\\\/2025\\\/12\\\/d6a1ea44-30de-4af1-bb69-0cfbc3f5415e.jpg\",\"contentUrl\":\"https:\\\/\\\/accesoriiplaseinsecte.ro\\\/wp-content\\\/uploads\\\/2025\\\/12\\\/d6a1ea44-30de-4af1-bb69-0cfbc3f5415e.jpg\",\"width\":720,\"height\":720,\"caption\":\"Spanioleta simpla deshidere 2000-2200\"},{\"@type\":\"BreadcrumbList\",\"@id\":\"https:\\\/\\\/accesoriiplaseinsecte.ro\\\/index.php\\\/produs\\\/spanioleta-simpla-deshidere-800-1000\\\/#breadcrumb\",\"itemListElement\":[{\"@type\":\"ListItem\",\"position\":1,\"name\":\"Prima pagin\u0103\",\"item\":\"https:\\\/\\\/accesoriiplaseinsecte.ro\\\/\"},{\"@type\":\"ListItem\",\"position\":2,\"name\":\"Magazin Accesorii Plase Anti Insecte\",\"item\":\"https:\\\/\\\/accesoriiplaseinsecte.ro\\\/index.php\\\/magazin-accesorii-plase-anti-insecte\\\/\"},{\"@type\":\"ListItem\",\"position\":3,\"name\":\"Spanioleta simpla deshidere 800-1000\"}]},{\"@type\":\"WebSite\",\"@id\":\"https:\\\/\\\/accesoriiplaseinsecte.ro\\\/#website\",\"url\":\"https:\\\/\\\/accesoriiplaseinsecte.ro\\\/\",\"name\":\"Accesorii Plase Insecte\",\"description\":\"Cump\u0103r\u0103 cu \u00eencredere!\",\"potentialAction\":[{\"@type\":\"SearchAction\",\"target\":{\"@type\":\"EntryPoint\",\"urlTemplate\":\"https:\\\/\\\/accesoriiplaseinsecte.ro\\\/?s={search_term_string}\"},\"query-input\":{\"@type\":\"PropertyValueSpecification\",\"valueRequired\":true,\"valueName\":\"search_term_string\"}}],\"inLanguage\":\"ro-RO\"}]}<\/script>\n<!-- \/ Yoast SEO plugin. -->","yoast_head_json":{"title":"Spanioleta simpla deshidere 800-1000 - Accesorii Plase Insecte","robots":{"index":"index","follow":"follow","max-snippet":"max-snippet:-1","max-image-preview":"max-image-preview:large","max-video-preview":"max-video-preview:-1"},"canonical":"https:\/\/accesoriiplaseinsecte.ro\/index.php\/produs\/spanioleta-simpla-deshidere-800-1000\/","og_locale":"ro_RO","og_type":"article","og_title":"Spanioleta simpla deshidere 800-1000 - Accesorii Plase Insecte","og_url":"https:\/\/accesoriiplaseinsecte.ro\/index.php\/produs\/spanioleta-simpla-deshidere-800-1000\/","og_site_name":"Accesorii Plase Insecte","og_image":[{"width":720,"height":720,"url":"https:\/\/accesoriiplaseinsecte.ro\/wp-content\/uploads\/2025\/12\/d6a1ea44-30de-4af1-bb69-0cfbc3f5415e.jpg","type":"image\/jpeg"}],"twitter_card":"summary_large_image","twitter_misc":{"Timp estimat pentru citire":"1 minut"},"schema":{"@context":"https:\/\/schema.org","@graph":[{"@type":"WebPage","@id":"https:\/\/accesoriiplaseinsecte.ro\/index.php\/produs\/spanioleta-simpla-deshidere-800-1000\/","url":"https:\/\/accesoriiplaseinsecte.ro\/index.php\/produs\/spanioleta-simpla-deshidere-800-1000\/","name":"Spanioleta simpla deshidere 800-1000 - Accesorii Plase Insecte","isPartOf":{"@id":"https:\/\/accesoriiplaseinsecte.ro\/#website"},"primaryImageOfPage":{"@id":"https:\/\/accesoriiplaseinsecte.ro\/index.php\/produs\/spanioleta-simpla-deshidere-800-1000\/#primaryimage"},"image":{"@id":"https:\/\/accesoriiplaseinsecte.ro\/index.php\/produs\/spanioleta-simpla-deshidere-800-1000\/#primaryimage"},"thumbnailUrl":"https:\/\/accesoriiplaseinsecte.ro\/wp-content\/uploads\/2025\/12\/d6a1ea44-30de-4af1-bb69-0cfbc3f5415e.jpg","datePublished":"2025-12-30T19:31:41+00:00","breadcrumb":{"@id":"https:\/\/accesoriiplaseinsecte.ro\/index.php\/produs\/spanioleta-simpla-deshidere-800-1000\/#breadcrumb"},"inLanguage":"ro-RO","potentialAction":[{"@type":"ReadAction","target":["https:\/\/accesoriiplaseinsecte.ro\/index.php\/produs\/spanioleta-simpla-deshidere-800-1000\/"]}]},{"@type":"ImageObject","inLanguage":"ro-RO","@id":"https:\/\/accesoriiplaseinsecte.ro\/index.php\/produs\/spanioleta-simpla-deshidere-800-1000\/#primaryimage","url":"https:\/\/accesoriiplaseinsecte.ro\/wp-content\/uploads\/2025\/12\/d6a1ea44-30de-4af1-bb69-0cfbc3f5415e.jpg","contentUrl":"https:\/\/accesoriiplaseinsecte.ro\/wp-content\/uploads\/2025\/12\/d6a1ea44-30de-4af1-bb69-0cfbc3f5415e.jpg","width":720,"height":720,"caption":"Spanioleta simpla deshidere 2000-2200"},{"@type":"BreadcrumbList","@id":"https:\/\/accesoriiplaseinsecte.ro\/index.php\/produs\/spanioleta-simpla-deshidere-800-1000\/#breadcrumb","itemListElement":[{"@type":"ListItem","position":1,"name":"Prima pagin\u0103","item":"https:\/\/accesoriiplaseinsecte.ro\/"},{"@type":"ListItem","position":2,"name":"Magazin Accesorii Plase Anti Insecte","item":"https:\/\/accesoriiplaseinsecte.ro\/index.php\/magazin-accesorii-plase-anti-insecte\/"},{"@type":"ListItem","position":3,"name":"Spanioleta simpla deshidere 800-1000"}]},{"@type":"WebSite","@id":"https:\/\/accesoriiplaseinsecte.ro\/#website","url":"https:\/\/accesoriiplaseinsecte.ro\/","name":"Accesorii Plase Insecte","description":"Cump\u0103r\u0103 cu \u00eencredere!","potentialAction":[{"@type":"SearchAction","target":{"@type":"EntryPoint","urlTemplate":"https:\/\/accesoriiplaseinsecte.ro\/?s={search_term_string}"},"query-input":{"@type":"PropertyValueSpecification","valueRequired":true,"valueName":"search_term_string"}}],"inLanguage":"ro-RO"}]}},"_links":{"self":[{"href":"https:\/\/accesoriiplaseinsecte.ro\/index.php\/wp-json\/wp\/v2\/product\/21049","targetHints":{"allow":["GET"]}}],"collection":[{"href":"https:\/\/accesoriiplaseinsecte.ro\/index.php\/wp-json\/wp\/v2\/product"}],"about":[{"href":"https:\/\/accesoriiplaseinsecte.ro\/index.php\/wp-json\/wp\/v2\/types\/product"}],"replies":[{"embeddable":true,"href":"https:\/\/accesoriiplaseinsecte.ro\/index.php\/wp-json\/wp\/v2\/comments?post=21049"}],"wp:featuredmedia":[{"embeddable":true,"href":"https:\/\/accesoriiplaseinsecte.ro\/index.php\/wp-json\/wp\/v2\/media\/21046"}],"wp:attachment":[{"href":"https:\/\/accesoriiplaseinsecte.ro\/index.php\/wp-json\/wp\/v2\/media?parent=21049"}],"wp:term":[{"taxonomy":"product_brand","embeddable":true,"href":"https:\/\/accesoriiplaseinsecte.ro\/index.php\/wp-json\/wp\/v2\/product_brand?post=21049"},{"taxonomy":"product_cat","embeddable":true,"href":"https:\/\/accesoriiplaseinsecte.ro\/index.php\/wp-json\/wp\/v2\/product_cat?post=21049"},{"taxonomy":"product_tag","embeddable":true,"href":"https:\/\/accesoriiplaseinsecte.ro\/index.php\/wp-json\/wp\/v2\/product_tag?post=21049"}],"curies":[{"name":"wp","href":"https:\/\/api.w.org\/{rel}","templated":true}]}}